{"id":319,"date":"2020-02-16T14:27:21","date_gmt":"2020-02-16T14:27:21","guid":{"rendered":"http:\/\/wunderbunt-und-sternbeglaenzt.de\/?page_id=319"},"modified":"2020-02-16T14:27:21","modified_gmt":"2020-02-16T14:27:21","slug":"datenschutz","status":"publish","type":"page","link":"https:\/\/wunderbunt-und-sternbeglaenzt.de\/?page_id=319","title":{"rendered":"Datenschutz"},"content":{"rendered":"\n<p><strong>Geltungsbereich<\/strong><\/p>\n\n\n\n<p>Diese Datenschutzerkl\u00e4rung soll die Nutzer dieser Website  gem\u00e4\u00df   Bundesdatenschutzgesetz und Telemediengesetz \u00fcber die Art, den  Umfang   und den Zweck der Erhebung und Verwendung personenbezogener Daten durch die Websitebetreiber Ruth Jurklies, Forstamtstr. 7a, 86971 Peiting und Susanna Walter, Sch\u00f6nachstr. 20, 86987 Schwabsoien informieren.<\/p>\n\n\n\n<p>Die Nutzung unserer Webseite ist ohne Angabe personenbezogener Daten m\u00f6glich. <\/p>\n\n\n\n<p>Bedenken Sie, dass die Daten\u00fcbertragung im Internet  grunds\u00e4tzlich mit   Sicherheitsl\u00fccken bedacht sein kann. Ein  vollumf\u00e4nglicher Schutz vor dem Zugriff durch Fremde ist nicht  realisierbar.<\/p>\n\n\n\n<p><strong>Zugriffsdaten<\/strong><\/p>\n\n\n\n<p>Der Websitebetreiber bzw. Seitenprovider erhebt Daten \u00fcber \nZugriffe   auf die Seite und speichert diese als \u201eServer-Logfiles\u201c ab. \nFolgende   Daten werden so protokolliert:<\/p>\n\n\n\n<p>\u2013 Besuchte Website<br>\n          \u2013 Uhrzeit zum Zeitpunkt des Zugriffes<br>\n          \u2013 Menge der gesendeten Daten in Byte<br>\n          \u2013 Quelle\/Verweis, von welchem Sie auf die Seite gelangten<br>\n          \u2013 Verwendeter Browser<br>\n          \u2013 Verwendetes Betriebssystem<br>\n          \u2013 Verwendete IP-Adresse<\/p>\n\n\n\n<p>Die erhobenen Daten dienen lediglich statistischen Auswertungen und zur Verbesserung der Website. Der Websitebetreiber beh\u00e4lt sich allerdings vor, die Server-Logfiles nachtr\u00e4glich zu \u00fcberpr\u00fcfen, sollten konkrete Anhaltspunkte auf eine rechtswidrige Nutzung hinweisen.<\/p>\n\n\n\n<p><strong>Cookies<\/strong><\/p>\n\n\n\n<p>Diese Website verwendet Cookies. Dabei handelt es sich um kleine Textdateien, welche auf Ihrem Endger\u00e4t gespeichert werden. Ihr  Browser greift auf diese Dateien zu. Durch den Einsatz von Cookies erh\u00f6ht sich die Benutzerfreundlichkeit und Sicherheit dieser Website.<\/p>\n\n\n\n<p>G\u00e4ngige Browser bieten die Einstellungsoption, Cookies nicht zuzulassen. Hinweis: Es ist nicht gew\u00e4hrleistet, dass Sie auf alle Funktionen dieser Website ohne Einschr\u00e4nkungen zugreifen k\u00f6nnen, wenn Sie entsprechende Einstellungen vornehmen.<\/p>\n","protected":false},"excerpt":{"rendered":"<p>Geltungsbereich Diese Datenschutzerkl\u00e4rung soll die Nutzer dieser Website gem\u00e4\u00df Bundesdatenschutzgesetz und Telemediengesetz \u00fcber die Art, den Umfang und den Zweck der Erhebung und Verwendung personenbezogener Daten durch die Websitebetreiber Ruth Jurklies, Forstamtstr. 7a, 86971 Peiting und Susanna Walter, Sch\u00f6nachstr. 20, 86987 Schwabsoien informieren. Die Nutzung unserer Webseite ist ohne Angabe personenbezogener Daten m\u00f6glich. Bedenken Sie, &hellip; <\/p>\n<p class=\"link-more\"><a href=\"https:\/\/wunderbunt-und-sternbeglaenzt.de\/?page_id=319\" class=\"more-link\"><span class=\"screen-reader-text\">\u201eDatenschutz\u201c <\/span>weiterlesen<\/a><\/p>\n","protected":false},"author":5,"featured_media":0,"parent":0,"menu_order":0,"comment_status":"closed","ping_status":"closed","template":"","meta":{"footnotes":""},"class_list":["post-319","page","type-page","status-publish","hentry"],"_links":{"self":[{"href":"https:\/\/wunderbunt-und-sternbeglaenzt.de\/index.php?rest_route=\/wp\/v2\/pages\/319","targetHints":{"allow":["GET"]}}],"collection":[{"href":"https:\/\/wunderbunt-und-sternbeglaenzt.de\/index.php?rest_route=\/wp\/v2\/pages"}],"about":[{"href":"https:\/\/wunderbunt-und-sternbeglaenzt.de\/index.php?rest_route=\/wp\/v2\/types\/page"}],"author":[{"embeddable":true,"href":"https:\/\/wunderbunt-und-sternbeglaenzt.de\/index.php?rest_route=\/wp\/v2\/users\/5"}],"replies":[{"embeddable":true,"href":"https:\/\/wunderbunt-und-sternbeglaenzt.de\/index.php?rest_route=%2Fwp%2Fv2%2Fcomments&post=319"}],"version-history":[{"count":3,"href":"https:\/\/wunderbunt-und-sternbeglaenzt.de\/index.php?rest_route=\/wp\/v2\/pages\/319\/revisions"}],"predecessor-version":[{"id":323,"href":"https:\/\/wunderbunt-und-sternbeglaenzt.de\/index.php?rest_route=\/wp\/v2\/pages\/319\/revisions\/323"}],"wp:attachment":[{"href":"https:\/\/wunderbunt-und-sternbeglaenzt.de\/index.php?rest_route=%2Fwp%2Fv2%2Fmedia&parent=319"}],"curies":[{"name":"wp","href":"https:\/\/api.w.org\/{rel}","templated":true}]}}