{"id":284,"date":"2020-01-23T16:53:12","date_gmt":"2020-01-23T16:53:12","guid":{"rendered":"http:\/\/wunderbunt-und-sternbeglaenzt.de\/?page_id=284"},"modified":"2020-02-16T13:43:58","modified_gmt":"2020-02-16T13:43:58","slug":"ueber-uns","status":"publish","type":"page","link":"https:\/\/wunderbunt-und-sternbeglaenzt.de\/?page_id=284","title":{"rendered":"\u00dcber uns"},"content":{"rendered":"\n<p>Professionelles M\u00e4rchenerz\u00e4hlen f\u00fcr Jung und Alt<\/p>\n\n\n\n<p>\nDie magische, phantasiereiche Welt der M\u00e4rchen begleitet Ruth Jurklies und Susanna Walter schon seit fr\u00fchen Tagen \u2013 und sollte auch im Berufsleben Spuren hinterlassen: von den Kr\u00e4ften \u00fcberzeugt, die in Weisen, Sagen und Mythen verborgen sind, nahmen die beiden Lehrerinnen ihre Sch\u00fclerinnen und Sch\u00fcler mit auf diesen spannenden Weg in die M\u00e4rchen- und Theaterwelt.<\/p>\n\n\n\n<p><strong><em>Wunderbunt\u2026<\/em><\/strong><\/p>\n\n\n\n<p>Selbst am Ende eines aktiven Berufslebens sollten M\u00e4rchen ihnen den Weg weisen: Beide vertieften ihre Leidenschaft und absolvierten eine Ausbildung zur M\u00e4rchenerz\u00e4hlerin an der Sebastian Kneipp Akademie Bad W\u00f6rishofen.<\/p>\n\n\n\n<p><strong><em>\u2026&amp; sternbegl\u00e4nzt<\/em><\/strong><\/p>\n\n\n\n<p>Seit 2019 touren Ruth Jurklies und Susanna Walter mit ihrem \u201eSchatz\u201c durch die Region und erfreuen Zuh\u00f6rer mit Geschichten voller Liebe, Zauberei und Weisheit. Sie sind gern gesehene G\u00e4ste an Schulen, Senioreneinrichtungen und im Rahmen privater oder \u00f6ffentlicher Veranstaltungen. <\/p>\n\n\n\n<figure class=\"wp-block-image size-large\"><img loading=\"lazy\" decoding=\"async\" width=\"5433\" height=\"3543\" src=\"http:\/\/wunderbunt-und-sternbeglaenzt.de\/wp-content\/uploads\/2020\/02\/wunderbunt_sternbeglaenzt.jpg\" alt=\"\" class=\"wp-image-296\"\/><\/figure>\n","protected":false},"excerpt":{"rendered":"<p>Professionelles M\u00e4rchenerz\u00e4hlen f\u00fcr Jung und Alt Die magische, phantasiereiche Welt der M\u00e4rchen begleitet Ruth Jurklies und Susanna Walter schon seit fr\u00fchen Tagen \u2013 und sollte auch im Berufsleben Spuren hinterlassen: von den Kr\u00e4ften \u00fcberzeugt, die in Weisen, Sagen und Mythen verborgen sind, nahmen die beiden Lehrerinnen ihre Sch\u00fclerinnen und Sch\u00fcler mit auf diesen spannenden Weg &hellip; <\/p>\n<p class=\"link-more\"><a href=\"https:\/\/wunderbunt-und-sternbeglaenzt.de\/?page_id=284\" class=\"more-link\"><span class=\"screen-reader-text\">\u201e\u00dcber uns\u201c <\/span>weiterlesen<\/a><\/p>\n","protected":false},"author":5,"featured_media":0,"parent":0,"menu_order":0,"comment_status":"closed","ping_status":"closed","template":"","meta":{"footnotes":""},"class_list":["post-284","page","type-page","status-publish","hentry"],"_links":{"self":[{"href":"https:\/\/wunderbunt-und-sternbeglaenzt.de\/index.php?rest_route=\/wp\/v2\/pages\/284","targetHints":{"allow":["GET"]}}],"collection":[{"href":"https:\/\/wunderbunt-und-sternbeglaenzt.de\/index.php?rest_route=\/wp\/v2\/pages"}],"about":[{"href":"https:\/\/wunderbunt-und-sternbeglaenzt.de\/index.php?rest_route=\/wp\/v2\/types\/page"}],"author":[{"embeddable":true,"href":"https:\/\/wunderbunt-und-sternbeglaenzt.de\/index.php?rest_route=\/wp\/v2\/users\/5"}],"replies":[{"embeddable":true,"href":"https:\/\/wunderbunt-und-sternbeglaenzt.de\/index.php?rest_route=%2Fwp%2Fv2%2Fcomments&post=284"}],"version-history":[{"count":3,"href":"https:\/\/wunderbunt-und-sternbeglaenzt.de\/index.php?rest_route=\/wp\/v2\/pages\/284\/revisions"}],"predecessor-version":[{"id":297,"href":"https:\/\/wunderbunt-und-sternbeglaenzt.de\/index.php?rest_route=\/wp\/v2\/pages\/284\/revisions\/297"}],"wp:attachment":[{"href":"https:\/\/wunderbunt-und-sternbeglaenzt.de\/index.php?rest_route=%2Fwp%2Fv2%2Fmedia&parent=284"}],"curies":[{"name":"wp","href":"https:\/\/api.w.org\/{rel}","templated":true}]}}